{"id":10075,"date":"2024-11-10T15:21:47","date_gmt":"2024-11-10T20:21:47","guid":{"rendered":"https:\/\/shop.sixetdeux.com\/product\/ltiblox-laptop-interface-rapco-1-8-a-xlr\/"},"modified":"2026-04-28T02:32:41","modified_gmt":"2026-04-28T06:32:41","slug":"ltiblox-laptop-interface-rapco-1-8-a-xlr","status":"publish","type":"product","link":"https:\/\/shop.sixetdeux.com\/en\/produit\/ltiblox-laptop-interface-rapco-1-8-a-xlr\/","title":{"rendered":"LTIBLOX Laptop interface Rapco 1\/8 \u00e0 XLR"},"content":{"rendered":"<p>LTIBLOX Laptop interface Rapco 1\/8 \u00e0 XLR<\/p>\n<p>LTIBLOX est une interface consommateur professionnel. Il convertit l&#8217;entr\u00e9e de l&#8217;\u00e9quipement de qualit\u00e9 grand public (ordinateurs portables, lecteurs MP3, lecteurs CD) en une sortie sym\u00e9trique de niveau micro. Permet \u00e0 l&#8217;op\u00e9rateur de contr\u00f4ler le volume du signal st\u00e9r\u00e9o sortant. Entr\u00e9e m\u00e2le 3,5 mm et sortie XLR m\u00e2le.<\/p>\n<p>Caract\u00e9ristiques :<br \/>L&#8217;unit\u00e9 autonome convertit l&#8217;entr\u00e9e de l&#8217;\u00e9quipement de qualit\u00e9 grand public en une sortie sym\u00e9trique de niveau micro.<\/p>\n<p>R\u00e9glage du volume du signal st\u00e9r\u00e9o sortant par l&#8217;op\u00e9rateur<\/p>\n<p>Entr\u00e9e m\u00e2le 3,5 mm et sortie XLR m\u00e2le<\/p>\n<p>Taille parfaite pour votre bo\u00eete \u00e0 outils ou m\u00eame une poche de chemise<\/p>\n<p>Ch\u00e2ssis en aluminium peint par poudrage noir<\/p>\n<p>Connecteurs soud\u00e9s \u00e0 la main<\/p>\n","protected":false},"excerpt":{"rendered":"<p>\u00a0LTIBLOX Laptop interface Rapco 1\/8 \u00e0 XLR<\/p>\n<p>\u00a0<\/p>\n","protected":false},"featured_media":10079,"comment_status":"open","ping_status":"closed","template":"","meta":[],"product_cat":[4996],"product_tag":[5049,52,5050,5024],"class_list":["post-10075","product","type-product","status-publish","has-post-thumbnail","hentry","product_cat-direct-box","product_tag-audio","product_tag-dj","product_tag-laptop","product_tag-live-show"],"_links":{"self":[{"href":"https:\/\/shop.sixetdeux.com\/en\/wp-json\/wp\/v2\/product\/10075","targetHints":{"allow":["GET"]}}],"collection":[{"href":"https:\/\/shop.sixetdeux.com\/en\/wp-json\/wp\/v2\/product"}],"about":[{"href":"https:\/\/shop.sixetdeux.com\/en\/wp-json\/wp\/v2\/types\/product"}],"replies":[{"embeddable":true,"href":"https:\/\/shop.sixetdeux.com\/en\/wp-json\/wp\/v2\/comments?post=10075"}],"version-history":[{"count":1,"href":"https:\/\/shop.sixetdeux.com\/en\/wp-json\/wp\/v2\/product\/10075\/revisions"}],"predecessor-version":[{"id":10093,"href":"https:\/\/shop.sixetdeux.com\/en\/wp-json\/wp\/v2\/product\/10075\/revisions\/10093"}],"wp:featuredmedia":[{"embeddable":true,"href":"https:\/\/shop.sixetdeux.com\/en\/wp-json\/wp\/v2\/media\/10079"}],"wp:attachment":[{"href":"https:\/\/shop.sixetdeux.com\/en\/wp-json\/wp\/v2\/media?parent=10075"}],"wp:term":[{"taxonomy":"product_cat","embeddable":true,"href":"https:\/\/shop.sixetdeux.com\/en\/wp-json\/wp\/v2\/product_cat?post=10075"},{"taxonomy":"product_tag","embeddable":true,"href":"https:\/\/shop.sixetdeux.com\/en\/wp-json\/wp\/v2\/product_tag?post=10075"}],"curies":[{"name":"wp","href":"https:\/\/api.w.org\/{rel}","templated":true}]}}