{"id":10687,"date":"2025-10-14T15:09:22","date_gmt":"2025-10-14T19:09:22","guid":{"rendered":"https:\/\/shop.sixetdeux.com\/product\/everse8-ev-haut-parleur-a-piles\/"},"modified":"2026-02-27T12:08:32","modified_gmt":"2026-02-27T17:08:32","slug":"everse8-ev-haut-parleur-a-piles","status":"publish","type":"product","link":"https:\/\/shop.sixetdeux.com\/en\/produit\/everse8-ev-haut-parleur-a-piles\/","title":{"rendered":"Everse8- EV Haut-parleur \u00e0 piles"},"content":{"rendered":"<p>R\u00e9ponse en fr\u00e9quence (-3 dB)\u00a01<br \/>60 Hz \u00e0 20 kHz<br \/>Gamme de fr\u00e9quences (-10 dB)\u00a02<br \/>50 Hz \u00e0 20 kHz<br \/>Niveau de pression acoustique max.\u00a03<br \/>121 dB<br \/>Angle de couverture (H x V)<br \/>100\u00b0 x 100\u00b0<br \/>Puissance de l&#8217;amplificateur<br \/>400 W<br \/>Caract\u00e9ristiques<br \/>transducteur LF<br \/>Woofer de 8 pouces &#8211; aimant en ferrite<br \/>transducteur HF<br \/>D\u00f4me en titane de 1 po, aimant en n\u00e9odyme, refroidi par ferrofluide<br \/>Fr\u00e9quence de croisement<br \/>2,5 kHz<br \/>Connecteurs<br \/>2 &#8211; Combo XLR\/TRS<br \/>1 &#8211; St\u00e9r\u00e9o 3,5 mm<br \/>1 &#8211; Port de charge<br \/>1 &#8211; P\u00e9dale TRS 1<br \/>&#8211; Sortie d&#8217;alimentation 12 V CC<br \/>Enceinte<br \/>Polypropyl\u00e8ne<br \/>Mat\u00e9riau de la grille<br \/>Acier avec rev\u00eatement en poudre<br \/>Chargement USB<br \/>1,5 A max., selon l&#8217;appareil<br \/>Couleur<br \/>Noir et blanc<br \/>Dimensions (H x L x P)<br \/>400 mm x 275 mm x 272 mm<br \/>15,75 po x 10,83 po x 10,71 po<br \/>Poids net<br \/>7,6 kg<br \/>16,8 lb<br \/>Poids d&#8217;exp\u00e9dition<br \/>11 kg<br \/>24,3 lb<br \/>Consommation \u00e9lectrique\u00a04<br \/>100 &#8211; 240 V~, 50 &#8211; 60 Hz, 0,8 &#8211; 0,6 A<br \/>Capacit\u00e9 de la batterie<br \/>86,4 Wh<br \/>Autonomie de la batterie (\u00e0 puissance maximale)\u00a05,7<br \/>6 heures et plus<br \/>Autonomie de la batterie (\u00e0 puissance mod\u00e9r\u00e9e)\u00a06,7<br \/>12+ heures<\/p>\n","protected":false},"excerpt":{"rendered":"<p>Premier haut-parleur aliment\u00e9 par batterie d&#8217;Electro-Voice et premier mod\u00e8le r\u00e9sistant aux intemp\u00e9ries de son type, EVERSE 8 profite de d\u00e9cennies d&#8217;expertise en ing\u00e9nierie d&#8217;Electro-Voice &#8211; ainsi que des derni\u00e8res avanc\u00e9es technologiques &#8211; pour offrir une exp\u00e9rience audio v\u00e9ritablement portable et v\u00e9ritablement sans fil \u00e0 un prix et un niveau de performance in\u00e9gal\u00e9s par les produits comparables actuels sur le march\u00e9.<\/p>\n<p>Qu&#8217;il soit utilis\u00e9 pour la musique live, le renforcement vocal et\/ou la lecture audio, musiciens, DJ, soci\u00e9t\u00e9s de production\/location, instructeurs de fitness\/activit\u00e9s et autres utilisateurs professionnels, amateurs et r\u00e9cr\u00e9atifs peuvent tous b\u00e9n\u00e9ficier de la qualit\u00e9 sonore sup\u00e9rieure, de la convivialit\u00e9 et de la conception d&#8217;un syst\u00e8me de sonorisation tout-en-un d&#8217;EVERSE 8 \u2013 un concept qui ouvre de v\u00e9ritables performances audio professionnelles \u00e0 un plus large \u00e9ventail d&#8217;utilisateurs que jamais. EVERSE 8 est disponible en finition noire(en stock) ou blanche, ajoutant une touche esth\u00e9tique \u00e0 sa polyvalence.<\/p>\n","protected":false},"featured_media":10691,"comment_status":"open","ping_status":"closed","template":"","meta":[],"product_cat":[34],"product_tag":[5049,5066,5077,5113,5068,5063,52,5069,5019,5020,5047,5061,5092,5036,49],"class_list":["post-10687","product","type-product","status-publish","has-post-thumbnail","hentry","product_cat-enceintes-actives","product_tag-audio","product_tag-chalet","product_tag-cinema","product_tag-communications-sans-fil","product_tag-conference","product_tag-disco","product_tag-dj","product_tag-exposition","product_tag-exterieur","product_tag-fete","product_tag-feux-de-camp","product_tag-gala","product_tag-patio","product_tag-promotion","product_tag-trial"],"_links":{"self":[{"href":"https:\/\/shop.sixetdeux.com\/en\/wp-json\/wp\/v2\/product\/10687","targetHints":{"allow":["GET"]}}],"collection":[{"href":"https:\/\/shop.sixetdeux.com\/en\/wp-json\/wp\/v2\/product"}],"about":[{"href":"https:\/\/shop.sixetdeux.com\/en\/wp-json\/wp\/v2\/types\/product"}],"replies":[{"embeddable":true,"href":"https:\/\/shop.sixetdeux.com\/en\/wp-json\/wp\/v2\/comments?post=10687"}],"version-history":[{"count":1,"href":"https:\/\/shop.sixetdeux.com\/en\/wp-json\/wp\/v2\/product\/10687\/revisions"}],"predecessor-version":[{"id":10709,"href":"https:\/\/shop.sixetdeux.com\/en\/wp-json\/wp\/v2\/product\/10687\/revisions\/10709"}],"wp:featuredmedia":[{"embeddable":true,"href":"https:\/\/shop.sixetdeux.com\/en\/wp-json\/wp\/v2\/media\/10691"}],"wp:attachment":[{"href":"https:\/\/shop.sixetdeux.com\/en\/wp-json\/wp\/v2\/media?parent=10687"}],"wp:term":[{"taxonomy":"product_cat","embeddable":true,"href":"https:\/\/shop.sixetdeux.com\/en\/wp-json\/wp\/v2\/product_cat?post=10687"},{"taxonomy":"product_tag","embeddable":true,"href":"https:\/\/shop.sixetdeux.com\/en\/wp-json\/wp\/v2\/product_tag?post=10687"}],"curies":[{"name":"wp","href":"https:\/\/api.w.org\/{rel}","templated":true}]}}