{"id":10688,"date":"2025-10-14T15:09:22","date_gmt":"2025-10-14T19:09:22","guid":{"rendered":"https:\/\/shop.sixetdeux.com\/product\/everse12-ev-haut-parleur-a-piles\/"},"modified":"2026-04-28T03:50:06","modified_gmt":"2026-04-28T07:50:06","slug":"enceinte-electro-voice-everse-12-a-piles-etanche-ip43-et-avec-bluetooth","status":"publish","type":"product","link":"https:\/\/shop.sixetdeux.com\/en\/produit\/enceinte-electro-voice-everse-12-a-piles-etanche-ip43-et-avec-bluetooth\/","title":{"rendered":"Enceinte Electro-Voice EVERSE 12 \u00e0 piles, \u00e9tanche IP43 et avec Bluetooth"},"content":{"rendered":"<p>Application<br \/>Mont\u00e9 sur poteau \/ moniteur \/ kick-back Transducteurs<br \/>Woofer 12&#8243;, aimant en ferrite, haut-parleur de compression 1&#8243;, aimant en n\u00e9odyme, refroidi par ferrofluide<br \/>Puissance nominale (cr\u00eate) 400 W<br \/>SPL max\u00a01 ,126 dB<br \/>Couverture (H x V) 100\u00b0 x 60\u00b0<br \/>Plage de fr\u00e9quences (-10 dB)\u00a02\u00a0\/ r\u00e9ponse (-3 dB)\u00a03 ,45 Hz \u2013 20 kHz \/ 55 Hz \u2013 20 kHz<br \/>Caract\u00e9ristiques Mat\u00e9riel<br \/>Bo\u00eetier : polypropyl\u00e8ne<br \/>Grille : acier avec rev\u00eatement en poudre<br \/>Traitement du signal num\u00e9rique<br \/>QuickSmartDSP int\u00e8gre un traitement de pointe optimis\u00e9 par Dynacord. Configuration facile gr\u00e2ce \u00e0 un \u00e9galiseur graphique \u00e0 sept bandes pour l&#8217;\u00e9galisation principale, des pr\u00e9r\u00e9glages programmables, un contr\u00f4le visuel de l&#8217;\u00e9tat du limiteur, un contr\u00f4le du niveau d&#8217;entr\u00e9e et des indicateurs de niveau, un contr\u00f4le des effets num\u00e9riques et un contr\u00f4le du volume principal pour optimiser la structure de gain, le tout via l&#8217;\u00e9cran LCD ou l&#8217;application mobile gratuite QuickSmart.<br \/>Contr\u00f4le et surveillance \u00e0 distance<br \/>Application mobile EV QuickSmart : configurez, contr\u00f4lez et surveillez rapidement et sans fil jusqu&#8217;\u00e0 six syst\u00e8mes EVERSE 12 simultan\u00e9ment et recevez une notification imm\u00e9diate en cas de conditions de performances critiques.<br \/>Streaming audio Bluetooth et v\u00e9ritable st\u00e9r\u00e9o sans fil\u00a04 OUI<br \/>Fr\u00e9quence de croisement 2000 Hz<br \/>Connecteurs 2x jack combo XLR\/TRS 1x port de charge 1x sortie XLR 1x sortie d&#8217;alimentation 12 V CC 1x st\u00e9r\u00e9o 3,5 mm 1x p\u00e9dale TRS<br \/>Chargement USB 1,5 A max, selon l&#8217;appareil<br \/>Consommation \u00e9lectrique\u00a05 100 &#8211; 240 V~, 50 &#8211; 60 Hz, 1,2 &#8211; 0,6 A<br \/>Capacit\u00e9 de la batterie 86,4 Wh<br \/>Autonomie de la batterie (\u00e0 puissance maximale)\u00a06,8 : 6 heures et plus<br \/>Autonomie de la batterie (\u00e0 puissance mod\u00e9r\u00e9e)\u00a07,8 : 12+ heures<br \/>Poids 14,16 kg (31,22 lb)<br \/>Dimensions (L x H x P) 345 mm x 597 mm x 347 mm (13,58&#8243; x 23,5&#8243; x 13,66&#8243;)<br \/>Angles de recul \/ de surveillance<br \/>25\u00b0 \/ 55\u00b0<\/p>\n","protected":false},"excerpt":{"rendered":"<p>Premier haut-parleur aliment\u00e9 par batterie d&#8217;Electro-Voice et premier mod\u00e8le r\u00e9sistant aux intemp\u00e9ries de son type, EVERSE 12 profite de d\u00e9cennies d&#8217;expertise en ing\u00e9nierie d&#8217;Electro-Voice &#8211; ainsi que des derni\u00e8res avanc\u00e9es technologiques &#8211; pour offrir une exp\u00e9rience audio v\u00e9ritablement portable et v\u00e9ritablement sans fil \u00e0 un prix et un niveau de performance in\u00e9gal\u00e9s par les produits comparables actuels sur le march\u00e9.<\/p>\n<p>Qu&#8217;il soit utilis\u00e9 pour la musique live, le renforcement vocal et\/ou la lecture audio, musiciens, DJ, soci\u00e9t\u00e9s de production\/location, instructeurs de fitness\/activit\u00e9s et autres utilisateurs professionnels, amateurs et r\u00e9cr\u00e9atifs peuvent tous b\u00e9n\u00e9ficier de la qualit\u00e9 sonore sup\u00e9rieure, de la convivialit\u00e9 et de la conception d&#8217;un syst\u00e8me de sonorisation tout-en-un d&#8217;EVERSE 12\u2013 un concept qui ouvre de v\u00e9ritables performances audio professionnelles \u00e0 un plus large \u00e9ventail d&#8217;utilisateurs que jamais. EVERSE 12 est disponible en finition noire(en stock) ou blanche, ajoutant une touche esth\u00e9tique \u00e0 sa polyvalence.<\/p>\n","protected":false},"featured_media":10697,"comment_status":"open","ping_status":"closed","template":"","meta":[],"product_cat":[34],"product_tag":[5049,5066,5077,5113,5068,5063,52,5069,5019,5020,5047,5061,5092,5036,49],"class_list":["post-10688","product","type-product","status-publish","has-post-thumbnail","hentry","product_cat-enceintes-actives","product_tag-audio","product_tag-chalet","product_tag-cinema","product_tag-communications-sans-fil","product_tag-conference","product_tag-disco","product_tag-dj","product_tag-exposition","product_tag-exterieur","product_tag-fete","product_tag-feux-de-camp","product_tag-gala","product_tag-patio","product_tag-promotion","product_tag-trial"],"_links":{"self":[{"href":"https:\/\/shop.sixetdeux.com\/en\/wp-json\/wp\/v2\/product\/10688","targetHints":{"allow":["GET"]}}],"collection":[{"href":"https:\/\/shop.sixetdeux.com\/en\/wp-json\/wp\/v2\/product"}],"about":[{"href":"https:\/\/shop.sixetdeux.com\/en\/wp-json\/wp\/v2\/types\/product"}],"replies":[{"embeddable":true,"href":"https:\/\/shop.sixetdeux.com\/en\/wp-json\/wp\/v2\/comments?post=10688"}],"version-history":[{"count":2,"href":"https:\/\/shop.sixetdeux.com\/en\/wp-json\/wp\/v2\/product\/10688\/revisions"}],"predecessor-version":[{"id":10851,"href":"https:\/\/shop.sixetdeux.com\/en\/wp-json\/wp\/v2\/product\/10688\/revisions\/10851"}],"wp:featuredmedia":[{"embeddable":true,"href":"https:\/\/shop.sixetdeux.com\/en\/wp-json\/wp\/v2\/media\/10697"}],"wp:attachment":[{"href":"https:\/\/shop.sixetdeux.com\/en\/wp-json\/wp\/v2\/media?parent=10688"}],"wp:term":[{"taxonomy":"product_cat","embeddable":true,"href":"https:\/\/shop.sixetdeux.com\/en\/wp-json\/wp\/v2\/product_cat?post=10688"},{"taxonomy":"product_tag","embeddable":true,"href":"https:\/\/shop.sixetdeux.com\/en\/wp-json\/wp\/v2\/product_tag?post=10688"}],"curies":[{"name":"wp","href":"https:\/\/api.w.org\/{rel}","templated":true}]}}