{"id":10858,"date":"2026-04-27T14:59:58","date_gmt":"2026-04-27T18:59:58","guid":{"rendered":"https:\/\/shop.sixetdeux.com\/product\/cable-repartiteur-professionnel-mini-trs-vers-2-x-xlrm\/"},"modified":"2026-04-27T14:59:58","modified_gmt":"2026-04-27T18:59:58","slug":"cable-repartiteur-professionnel-mini-trs-vers-2-x-xlrm","status":"publish","type":"product","link":"https:\/\/shop.sixetdeux.com\/en\/produit\/cable-repartiteur-professionnel-mini-trs-vers-2-x-xlrm\/","title":{"rendered":"C\u00e2ble r\u00e9partiteur professionnel Mini TRS vers 2 x XLRM"},"content":{"rendered":"<p>C\u00e2ble r\u00e9partiteur professionnel Mini TRS vers 2 x XLRM <br \/>Digiflex HIN-1K-2XM-6 C\u00e2ble r\u00e9partiteur professionnel Mini TRS vers 2 x XLRM 182 cm<\/p>\n","protected":false},"excerpt":{"rendered":"<p>C\u00e2ble r\u00e9partiteur professionnel Mini TRS vers 2 x XLRM<\/p>\n","protected":false},"featured_media":0,"comment_status":"open","ping_status":"closed","template":"","meta":[],"product_cat":[16],"product_tag":[],"class_list":["post-10858","product","type-product","status-publish","hentry","product_cat-audio"],"_links":{"self":[{"href":"https:\/\/shop.sixetdeux.com\/en\/wp-json\/wp\/v2\/product\/10858","targetHints":{"allow":["GET"]}}],"collection":[{"href":"https:\/\/shop.sixetdeux.com\/en\/wp-json\/wp\/v2\/product"}],"about":[{"href":"https:\/\/shop.sixetdeux.com\/en\/wp-json\/wp\/v2\/types\/product"}],"replies":[{"embeddable":true,"href":"https:\/\/shop.sixetdeux.com\/en\/wp-json\/wp\/v2\/comments?post=10858"}],"version-history":[{"count":0,"href":"https:\/\/shop.sixetdeux.com\/en\/wp-json\/wp\/v2\/product\/10858\/revisions"}],"wp:attachment":[{"href":"https:\/\/shop.sixetdeux.com\/en\/wp-json\/wp\/v2\/media?parent=10858"}],"wp:term":[{"taxonomy":"product_cat","embeddable":true,"href":"https:\/\/shop.sixetdeux.com\/en\/wp-json\/wp\/v2\/product_cat?post=10858"},{"taxonomy":"product_tag","embeddable":true,"href":"https:\/\/shop.sixetdeux.com\/en\/wp-json\/wp\/v2\/product_tag?post=10858"}],"curies":[{"name":"wp","href":"https:\/\/api.w.org\/{rel}","templated":true}]}}