{"id":4164,"date":"2022-10-14T12:25:42","date_gmt":"2022-10-14T16:25:42","guid":{"rendered":"https:\/\/shop.sixetdeux.com\/product\/distribution-media-5a-albatros\/"},"modified":"2026-04-27T19:11:11","modified_gmt":"2026-04-27T23:11:11","slug":"distribution-media-5a-albatros","status":"publish","type":"product","link":"https:\/\/shop.sixetdeux.com\/en\/produit\/distribution-media-5a-albatros\/","title":{"rendered":"Distribution Media 5A Albatros"},"content":{"rendered":"<p>Distribution Media 5A Albatros <br \/>L&#8217;amplificateur de distribution audio DISTRO 5A est con\u00e7u pour permettre aux m\u00e9dias de se brancher et capter un signal de son en niveau ligne ou niveau micro. (Voir le panneau avant). La source de ce signal provenant d&#8217;un pupitre de mixage en niveau ligne sur l&#8217;entr\u00e9e. (Voir le panneau arri\u00e8re ). Ainsi un seul microphone est visible devant le conf\u00e9rencier, offrant une pr\u00e9sentation t\u00e9l\u00e9visuel professionnelle.Aussi disponible en version RACK MOUNT : 5 espaces, 6 pouces (15.25 cm) de profondeur. DISTRO5AR<\/p>\n","protected":false},"excerpt":{"rendered":"<p>Distribution Media 5A Albatros<\/p>\n","protected":false},"featured_media":6037,"comment_status":"open","ping_status":"closed","template":"","meta":[],"product_cat":[16],"product_tag":[],"class_list":["post-4164","product","type-product","status-publish","has-post-thumbnail","hentry","product_cat-audio"],"_links":{"self":[{"href":"https:\/\/shop.sixetdeux.com\/en\/wp-json\/wp\/v2\/product\/4164","targetHints":{"allow":["GET"]}}],"collection":[{"href":"https:\/\/shop.sixetdeux.com\/en\/wp-json\/wp\/v2\/product"}],"about":[{"href":"https:\/\/shop.sixetdeux.com\/en\/wp-json\/wp\/v2\/types\/product"}],"replies":[{"embeddable":true,"href":"https:\/\/shop.sixetdeux.com\/en\/wp-json\/wp\/v2\/comments?post=4164"}],"version-history":[{"count":1,"href":"https:\/\/shop.sixetdeux.com\/en\/wp-json\/wp\/v2\/product\/4164\/revisions"}],"predecessor-version":[{"id":4165,"href":"https:\/\/shop.sixetdeux.com\/en\/wp-json\/wp\/v2\/product\/4164\/revisions\/4165"}],"wp:featuredmedia":[{"embeddable":true,"href":"https:\/\/shop.sixetdeux.com\/en\/wp-json\/wp\/v2\/media\/6037"}],"wp:attachment":[{"href":"https:\/\/shop.sixetdeux.com\/en\/wp-json\/wp\/v2\/media?parent=4164"}],"wp:term":[{"taxonomy":"product_cat","embeddable":true,"href":"https:\/\/shop.sixetdeux.com\/en\/wp-json\/wp\/v2\/product_cat?post=4164"},{"taxonomy":"product_tag","embeddable":true,"href":"https:\/\/shop.sixetdeux.com\/en\/wp-json\/wp\/v2\/product_tag?post=4164"}],"curies":[{"name":"wp","href":"https:\/\/api.w.org\/{rel}","templated":true}]}}