{"id":6500,"date":"2023-03-14T16:15:25","date_gmt":"2023-03-14T20:15:25","guid":{"rendered":"https:\/\/shop.sixetdeux.com\/product\/lanterne-bois-et-metal-30-po\/"},"modified":"2026-02-27T12:07:56","modified_gmt":"2026-02-27T17:07:56","slug":"lanterne-carree-en-bois-et-metal-30-po","status":"publish","type":"product","link":"https:\/\/shop.sixetdeux.com\/en\/produit\/lanterne-carree-en-bois-et-metal-30-po\/","title":{"rendered":"Lanterne carr\u00e9e en bois et m\u00e9tal (30 po)"},"content":{"rendered":"<p>Lanterne carr\u00e9e en bois et m\u00e9tal (30 po)<\/p>\n","protected":false},"excerpt":{"rendered":"<p>Lanterne carr\u00e9e en bois et m\u00e9tal (30 po)<\/p>\n","protected":false},"featured_media":6501,"comment_status":"open","ping_status":"closed","template":"","meta":[],"product_cat":[4940],"product_tag":[],"class_list":["post-6500","product","type-product","status-publish","has-post-thumbnail","hentry","product_cat-lantern-decor"],"_links":{"self":[{"href":"https:\/\/shop.sixetdeux.com\/en\/wp-json\/wp\/v2\/product\/6500","targetHints":{"allow":["GET"]}}],"collection":[{"href":"https:\/\/shop.sixetdeux.com\/en\/wp-json\/wp\/v2\/product"}],"about":[{"href":"https:\/\/shop.sixetdeux.com\/en\/wp-json\/wp\/v2\/types\/product"}],"replies":[{"embeddable":true,"href":"https:\/\/shop.sixetdeux.com\/en\/wp-json\/wp\/v2\/comments?post=6500"}],"version-history":[{"count":1,"href":"https:\/\/shop.sixetdeux.com\/en\/wp-json\/wp\/v2\/product\/6500\/revisions"}],"predecessor-version":[{"id":7424,"href":"https:\/\/shop.sixetdeux.com\/en\/wp-json\/wp\/v2\/product\/6500\/revisions\/7424"}],"wp:featuredmedia":[{"embeddable":true,"href":"https:\/\/shop.sixetdeux.com\/en\/wp-json\/wp\/v2\/media\/6501"}],"wp:attachment":[{"href":"https:\/\/shop.sixetdeux.com\/en\/wp-json\/wp\/v2\/media?parent=6500"}],"wp:term":[{"taxonomy":"product_cat","embeddable":true,"href":"https:\/\/shop.sixetdeux.com\/en\/wp-json\/wp\/v2\/product_cat?post=6500"},{"taxonomy":"product_tag","embeddable":true,"href":"https:\/\/shop.sixetdeux.com\/en\/wp-json\/wp\/v2\/product_tag?post=6500"}],"curies":[{"name":"wp","href":"https:\/\/api.w.org\/{rel}","templated":true}]}}