{"id":6562,"date":"2023-03-22T20:53:37","date_gmt":"2023-03-23T00:53:37","guid":{"rendered":"https:\/\/shop.sixetdeux.com\/product\/lanterne-blanche-champetre-6-cotes-36-po-2\/"},"modified":"2026-02-27T12:07:56","modified_gmt":"2026-02-27T17:07:56","slug":"lanterne-blanche-champetre-6-cotes-36-pouces","status":"publish","type":"product","link":"https:\/\/shop.sixetdeux.com\/en\/produit\/lanterne-blanche-champetre-6-cotes-36-pouces\/","title":{"rendered":"Lanterne blanche champ\u00eatre, 6 c\u00f4t\u00e9s (36 pouces)"},"content":{"rendered":"<p>Lanterne blanche champ\u00eatre, 6 c\u00f4t\u00e9s (36 pouces)<\/p>\n","protected":false},"excerpt":{"rendered":"<p>Lanterne blanche champ\u00eatre, 6 c\u00f4t\u00e9s (36 pouces)<\/p>\n","protected":false},"featured_media":6642,"comment_status":"open","ping_status":"closed","template":"","meta":[],"product_cat":[4940],"product_tag":[],"class_list":["post-6562","product","type-product","status-publish","has-post-thumbnail","hentry","product_cat-lantern-decor"],"_links":{"self":[{"href":"https:\/\/shop.sixetdeux.com\/en\/wp-json\/wp\/v2\/product\/6562","targetHints":{"allow":["GET"]}}],"collection":[{"href":"https:\/\/shop.sixetdeux.com\/en\/wp-json\/wp\/v2\/product"}],"about":[{"href":"https:\/\/shop.sixetdeux.com\/en\/wp-json\/wp\/v2\/types\/product"}],"replies":[{"embeddable":true,"href":"https:\/\/shop.sixetdeux.com\/en\/wp-json\/wp\/v2\/comments?post=6562"}],"version-history":[{"count":1,"href":"https:\/\/shop.sixetdeux.com\/en\/wp-json\/wp\/v2\/product\/6562\/revisions"}],"predecessor-version":[{"id":7089,"href":"https:\/\/shop.sixetdeux.com\/en\/wp-json\/wp\/v2\/product\/6562\/revisions\/7089"}],"wp:featuredmedia":[{"embeddable":true,"href":"https:\/\/shop.sixetdeux.com\/en\/wp-json\/wp\/v2\/media\/6642"}],"wp:attachment":[{"href":"https:\/\/shop.sixetdeux.com\/en\/wp-json\/wp\/v2\/media?parent=6562"}],"wp:term":[{"taxonomy":"product_cat","embeddable":true,"href":"https:\/\/shop.sixetdeux.com\/en\/wp-json\/wp\/v2\/product_cat?post=6562"},{"taxonomy":"product_tag","embeddable":true,"href":"https:\/\/shop.sixetdeux.com\/en\/wp-json\/wp\/v2\/product_tag?post=6562"}],"curies":[{"name":"wp","href":"https:\/\/api.w.org\/{rel}","templated":true}]}}