{"id":6584,"date":"2023-03-22T20:53:40","date_gmt":"2023-03-23T00:53:40","guid":{"rendered":"https:\/\/shop.sixetdeux.com\/product\/velo-electrique-3-roues\/"},"modified":"2026-04-27T20:58:52","modified_gmt":"2026-04-28T00:58:52","slug":"velo-evenementiel-electrique","status":"publish","type":"product","link":"https:\/\/shop.sixetdeux.com\/en\/produit\/velo-evenementiel-electrique\/","title":{"rendered":"V\u00e9lo \u00e9v\u00e9nementiel \u00e9lectrique"},"content":{"rendered":"<p>\u00a0V\u00e9lo \u00e9v\u00e9nementiel \u00e9lectrique<\/p>\n","protected":false},"excerpt":{"rendered":"<p>\u00a0V\u00e9lo \u00e9v\u00e9nementiel \u00e9lectrique<\/p>\n","protected":false},"featured_media":6608,"comment_status":"open","ping_status":"closed","template":"","meta":[],"product_cat":[4937],"product_tag":[],"class_list":["post-6584","product","type-product","status-publish","has-post-thumbnail","hentry","product_cat-decor"],"_links":{"self":[{"href":"https:\/\/shop.sixetdeux.com\/en\/wp-json\/wp\/v2\/product\/6584","targetHints":{"allow":["GET"]}}],"collection":[{"href":"https:\/\/shop.sixetdeux.com\/en\/wp-json\/wp\/v2\/product"}],"about":[{"href":"https:\/\/shop.sixetdeux.com\/en\/wp-json\/wp\/v2\/types\/product"}],"replies":[{"embeddable":true,"href":"https:\/\/shop.sixetdeux.com\/en\/wp-json\/wp\/v2\/comments?post=6584"}],"version-history":[{"count":1,"href":"https:\/\/shop.sixetdeux.com\/en\/wp-json\/wp\/v2\/product\/6584\/revisions"}],"predecessor-version":[{"id":6592,"href":"https:\/\/shop.sixetdeux.com\/en\/wp-json\/wp\/v2\/product\/6584\/revisions\/6592"}],"wp:featuredmedia":[{"embeddable":true,"href":"https:\/\/shop.sixetdeux.com\/en\/wp-json\/wp\/v2\/media\/6608"}],"wp:attachment":[{"href":"https:\/\/shop.sixetdeux.com\/en\/wp-json\/wp\/v2\/media?parent=6584"}],"wp:term":[{"taxonomy":"product_cat","embeddable":true,"href":"https:\/\/shop.sixetdeux.com\/en\/wp-json\/wp\/v2\/product_cat?post=6584"},{"taxonomy":"product_tag","embeddable":true,"href":"https:\/\/shop.sixetdeux.com\/en\/wp-json\/wp\/v2\/product_tag?post=6584"}],"curies":[{"name":"wp","href":"https:\/\/api.w.org\/{rel}","templated":true}]}}