{"id":6699,"date":"2023-03-23T16:49:06","date_gmt":"2023-03-23T20:49:06","guid":{"rendered":"https:\/\/shop.sixetdeux.com\/product\/lanterne-metal-noire-24-po\/"},"modified":"2026-02-27T12:07:58","modified_gmt":"2026-02-27T17:07:58","slug":"lanterne-en-metal-fonce24-po","status":"publish","type":"product","link":"https:\/\/shop.sixetdeux.com\/en\/produit\/lanterne-en-metal-fonce24-po\/","title":{"rendered":"Lanterne en m\u00e9tal Fonc\u00e9(24 po)"},"content":{"rendered":"<p>Lanterne en m\u00e9tal Fonc\u00e9(24 po)<\/p>\n","protected":false},"excerpt":{"rendered":"<p>Lanterne en m\u00e9tal Fonc\u00e9(24 po)<\/p>\n","protected":false},"featured_media":6705,"comment_status":"open","ping_status":"closed","template":"","meta":[],"product_cat":[4940],"product_tag":[],"class_list":["post-6699","product","type-product","status-publish","has-post-thumbnail","hentry","product_cat-lantern-decor"],"_links":{"self":[{"href":"https:\/\/shop.sixetdeux.com\/en\/wp-json\/wp\/v2\/product\/6699","targetHints":{"allow":["GET"]}}],"collection":[{"href":"https:\/\/shop.sixetdeux.com\/en\/wp-json\/wp\/v2\/product"}],"about":[{"href":"https:\/\/shop.sixetdeux.com\/en\/wp-json\/wp\/v2\/types\/product"}],"replies":[{"embeddable":true,"href":"https:\/\/shop.sixetdeux.com\/en\/wp-json\/wp\/v2\/comments?post=6699"}],"version-history":[{"count":2,"href":"https:\/\/shop.sixetdeux.com\/en\/wp-json\/wp\/v2\/product\/6699\/revisions"}],"predecessor-version":[{"id":7909,"href":"https:\/\/shop.sixetdeux.com\/en\/wp-json\/wp\/v2\/product\/6699\/revisions\/7909"}],"wp:featuredmedia":[{"embeddable":true,"href":"https:\/\/shop.sixetdeux.com\/en\/wp-json\/wp\/v2\/media\/6705"}],"wp:attachment":[{"href":"https:\/\/shop.sixetdeux.com\/en\/wp-json\/wp\/v2\/media?parent=6699"}],"wp:term":[{"taxonomy":"product_cat","embeddable":true,"href":"https:\/\/shop.sixetdeux.com\/en\/wp-json\/wp\/v2\/product_cat?post=6699"},{"taxonomy":"product_tag","embeddable":true,"href":"https:\/\/shop.sixetdeux.com\/en\/wp-json\/wp\/v2\/product_tag?post=6699"}],"curies":[{"name":"wp","href":"https:\/\/api.w.org\/{rel}","templated":true}]}}