{"id":6747,"date":"2023-03-24T11:35:56","date_gmt":"2023-03-24T15:35:56","guid":{"rendered":"https:\/\/shop.sixetdeux.com\/product\/lanterne-metal-noire-28-po\/"},"modified":"2026-04-27T21:08:37","modified_gmt":"2026-04-28T01:08:37","slug":"lanterne-en-metal-grise-fonce-28-po","status":"publish","type":"product","link":"https:\/\/shop.sixetdeux.com\/en\/produit\/lanterne-en-metal-grise-fonce-28-po\/","title":{"rendered":"Lanterne en m\u00e9tal grise fonc\u00e9 (28 po)"},"content":{"rendered":"<p>Lanterne en m\u00e9tal grise fonc\u00e9 (28 po)<\/p>\n","protected":false},"excerpt":{"rendered":"<p>Lanterne en m\u00e9tal grise fonc\u00e9 (28 po)<\/p>\n","protected":false},"featured_media":6754,"comment_status":"open","ping_status":"closed","template":"","meta":[],"product_cat":[4940],"product_tag":[],"class_list":["post-6747","product","type-product","status-publish","has-post-thumbnail","hentry","product_cat-lantern-decor"],"_links":{"self":[{"href":"https:\/\/shop.sixetdeux.com\/en\/wp-json\/wp\/v2\/product\/6747","targetHints":{"allow":["GET"]}}],"collection":[{"href":"https:\/\/shop.sixetdeux.com\/en\/wp-json\/wp\/v2\/product"}],"about":[{"href":"https:\/\/shop.sixetdeux.com\/en\/wp-json\/wp\/v2\/types\/product"}],"replies":[{"embeddable":true,"href":"https:\/\/shop.sixetdeux.com\/en\/wp-json\/wp\/v2\/comments?post=6747"}],"version-history":[{"count":2,"href":"https:\/\/shop.sixetdeux.com\/en\/wp-json\/wp\/v2\/product\/6747\/revisions"}],"predecessor-version":[{"id":7910,"href":"https:\/\/shop.sixetdeux.com\/en\/wp-json\/wp\/v2\/product\/6747\/revisions\/7910"}],"wp:featuredmedia":[{"embeddable":true,"href":"https:\/\/shop.sixetdeux.com\/en\/wp-json\/wp\/v2\/media\/6754"}],"wp:attachment":[{"href":"https:\/\/shop.sixetdeux.com\/en\/wp-json\/wp\/v2\/media?parent=6747"}],"wp:term":[{"taxonomy":"product_cat","embeddable":true,"href":"https:\/\/shop.sixetdeux.com\/en\/wp-json\/wp\/v2\/product_cat?post=6747"},{"taxonomy":"product_tag","embeddable":true,"href":"https:\/\/shop.sixetdeux.com\/en\/wp-json\/wp\/v2\/product_tag?post=6747"}],"curies":[{"name":"wp","href":"https:\/\/api.w.org\/{rel}","templated":true}]}}