{"id":7465,"date":"2023-03-29T23:00:10","date_gmt":"2023-03-30T03:00:10","guid":{"rendered":"https:\/\/shop.sixetdeux.com\/product\/mirror-a-maquillage-avec-eclairage-integre\/"},"modified":"2026-04-27T22:50:03","modified_gmt":"2026-04-28T02:50:03","slug":"miroir-grand-format-avec-eclairage-integre","status":"publish","type":"product","link":"https:\/\/shop.sixetdeux.com\/en\/produit\/miroir-grand-format-avec-eclairage-integre\/","title":{"rendered":"Miroir grand format avec \u00e9clairage int\u00e9gr\u00e9"},"content":{"rendered":"<p>Miroir grand format avec \u00e9clairage int\u00e9gr\u00e9<br \/>Bulb incandescent G40 de 25w x 20.<\/p>\n","protected":false},"excerpt":{"rendered":"<p>Miroir grand format avec \u00e9clairage int\u00e9gr\u00e9<\/p>\n","protected":false},"featured_media":7518,"comment_status":"open","ping_status":"closed","template":"","meta":[],"product_cat":[4938],"product_tag":[5060,5077,5002,5012,5069,5020,5061,5098,5028,5029,5070,5032,5036,5076,5030],"class_list":["post-7465","product","type-product","status-publish","has-post-thumbnail","hentry","product_cat-mobiliers-decor","product_tag-backdrop","product_tag-cinema","product_tag-decor","product_tag-decors","product_tag-exposition","product_tag-fete","product_tag-gala","product_tag-maquillage","product_tag-mariage","product_tag-mobiliers","product_tag-party","product_tag-photobooth","product_tag-promotion","product_tag-tapis-rouge","product_tag-wedding"],"_links":{"self":[{"href":"https:\/\/shop.sixetdeux.com\/en\/wp-json\/wp\/v2\/product\/7465","targetHints":{"allow":["GET"]}}],"collection":[{"href":"https:\/\/shop.sixetdeux.com\/en\/wp-json\/wp\/v2\/product"}],"about":[{"href":"https:\/\/shop.sixetdeux.com\/en\/wp-json\/wp\/v2\/types\/product"}],"replies":[{"embeddable":true,"href":"https:\/\/shop.sixetdeux.com\/en\/wp-json\/wp\/v2\/comments?post=7465"}],"version-history":[{"count":2,"href":"https:\/\/shop.sixetdeux.com\/en\/wp-json\/wp\/v2\/product\/7465\/revisions"}],"predecessor-version":[{"id":10714,"href":"https:\/\/shop.sixetdeux.com\/en\/wp-json\/wp\/v2\/product\/7465\/revisions\/10714"}],"wp:featuredmedia":[{"embeddable":true,"href":"https:\/\/shop.sixetdeux.com\/en\/wp-json\/wp\/v2\/media\/7518"}],"wp:attachment":[{"href":"https:\/\/shop.sixetdeux.com\/en\/wp-json\/wp\/v2\/media?parent=7465"}],"wp:term":[{"taxonomy":"product_cat","embeddable":true,"href":"https:\/\/shop.sixetdeux.com\/en\/wp-json\/wp\/v2\/product_cat?post=7465"},{"taxonomy":"product_tag","embeddable":true,"href":"https:\/\/shop.sixetdeux.com\/en\/wp-json\/wp\/v2\/product_tag?post=7465"}],"curies":[{"name":"wp","href":"https:\/\/api.w.org\/{rel}","templated":true}]}}