{"id":8551,"date":"2023-07-29T01:13:41","date_gmt":"2023-07-29T05:13:41","guid":{"rendered":"https:\/\/shop.sixetdeux.com\/product\/cable-de-micro-xlr-4-25-m-15pi-femelle-a-xlr-male\/"},"modified":"2026-04-28T00:35:37","modified_gmt":"2026-04-28T04:35:37","slug":"cable-de-micro-xlr-4-25-m-15pi-femelle-a-xlr-male","status":"publish","type":"product","link":"https:\/\/shop.sixetdeux.com\/en\/produit\/cable-de-micro-xlr-4-25-m-15pi-femelle-a-xlr-male\/","title":{"rendered":"C\u00c2BLE DE MICRO XLR  4.25 M (15pi) FEMELLE \u00c0 XLR M\u00c2LE"},"content":{"rendered":"","protected":false},"excerpt":{"rendered":"<p>C\u00c2BLE DE MICRO XLR 4.25 M (15pi) FEMELLE \u00c0 XLR M\u00c2LE DIGIFLEX PRO<\/p>\n","protected":false},"featured_media":8556,"comment_status":"open","ping_status":"closed","template":"","meta":[],"product_cat":[16],"product_tag":[],"class_list":["post-8551","product","type-product","status-publish","has-post-thumbnail","hentry","product_cat-audio"],"_links":{"self":[{"href":"https:\/\/shop.sixetdeux.com\/en\/wp-json\/wp\/v2\/product\/8551","targetHints":{"allow":["GET"]}}],"collection":[{"href":"https:\/\/shop.sixetdeux.com\/en\/wp-json\/wp\/v2\/product"}],"about":[{"href":"https:\/\/shop.sixetdeux.com\/en\/wp-json\/wp\/v2\/types\/product"}],"replies":[{"embeddable":true,"href":"https:\/\/shop.sixetdeux.com\/en\/wp-json\/wp\/v2\/comments?post=8551"}],"version-history":[{"count":0,"href":"https:\/\/shop.sixetdeux.com\/en\/wp-json\/wp\/v2\/product\/8551\/revisions"}],"wp:featuredmedia":[{"embeddable":true,"href":"https:\/\/shop.sixetdeux.com\/en\/wp-json\/wp\/v2\/media\/8556"}],"wp:attachment":[{"href":"https:\/\/shop.sixetdeux.com\/en\/wp-json\/wp\/v2\/media?parent=8551"}],"wp:term":[{"taxonomy":"product_cat","embeddable":true,"href":"https:\/\/shop.sixetdeux.com\/en\/wp-json\/wp\/v2\/product_cat?post=8551"},{"taxonomy":"product_tag","embeddable":true,"href":"https:\/\/shop.sixetdeux.com\/en\/wp-json\/wp\/v2\/product_tag?post=8551"}],"curies":[{"name":"wp","href":"https:\/\/api.w.org\/{rel}","templated":true}]}}