{"id":9030,"date":"2023-10-19T22:14:41","date_gmt":"2023-10-20T02:14:41","guid":{"rendered":"https:\/\/shop.sixetdeux.com\/product\/pont-bloc-de-jonction-f34-a-6-voies\/"},"modified":"2026-02-27T12:08:19","modified_gmt":"2026-02-27T17:08:19","slug":"pont-bloc-de-jonction-f34-a-6-voies","status":"publish","type":"product","link":"https:\/\/shop.sixetdeux.com\/en\/produit\/pont-bloc-de-jonction-f34-a-6-voies\/","title":{"rendered":"Pont Bloc de jonction F34 \u00e0 6 voies"},"content":{"rendered":"<p>Le\u00a0 bloc de jonction pour fermes carr\u00e9es\u00a0ProX XT-JB6W-4W\u00a0\u00a0est un point de connexion universel pour les fermes F34 et il est \u00e9quip\u00e9 d&#8217;un mat\u00e9riel de connexion \u00e0 utiliser avec\u00a0\u00a0\u00a0les composants de fermes carr\u00e9es\u00a0ProX XT F34 .\u00a0Il comporte un tube de 2&#8243; de diam\u00e8tre ext\u00e9rieur et un renfort diagonal de 3\/4&#8243;.\u00a0Il est dot\u00e9 de parois tubulaires de 2 mm d&#8217;\u00e9paisseur de la s\u00e9rie XT, ce bloc de jonction en treillis est solide et peut \u00eatre utilis\u00e9 pour de nombreuses applications.\u00a0Il est construit selon les normes de s\u00e9curit\u00e9 et de performance les plus \u00e9lev\u00e9es.\u00a0 \u00a0<\/p>\n","protected":false},"excerpt":{"rendered":"<p>Pont Bloc de jonction F34 \u00e0 6 voies<\/p>\n","protected":false},"featured_media":9035,"comment_status":"open","ping_status":"closed","template":"","meta":[],"product_cat":[737],"product_tag":[49],"class_list":["post-9030","product","type-product","status-publish","has-post-thumbnail","hentry","product_cat-truss","product_tag-trial"],"_links":{"self":[{"href":"https:\/\/shop.sixetdeux.com\/en\/wp-json\/wp\/v2\/product\/9030","targetHints":{"allow":["GET"]}}],"collection":[{"href":"https:\/\/shop.sixetdeux.com\/en\/wp-json\/wp\/v2\/product"}],"about":[{"href":"https:\/\/shop.sixetdeux.com\/en\/wp-json\/wp\/v2\/types\/product"}],"replies":[{"embeddable":true,"href":"https:\/\/shop.sixetdeux.com\/en\/wp-json\/wp\/v2\/comments?post=9030"}],"version-history":[{"count":0,"href":"https:\/\/shop.sixetdeux.com\/en\/wp-json\/wp\/v2\/product\/9030\/revisions"}],"wp:featuredmedia":[{"embeddable":true,"href":"https:\/\/shop.sixetdeux.com\/en\/wp-json\/wp\/v2\/media\/9035"}],"wp:attachment":[{"href":"https:\/\/shop.sixetdeux.com\/en\/wp-json\/wp\/v2\/media?parent=9030"}],"wp:term":[{"taxonomy":"product_cat","embeddable":true,"href":"https:\/\/shop.sixetdeux.com\/en\/wp-json\/wp\/v2\/product_cat?post=9030"},{"taxonomy":"product_tag","embeddable":true,"href":"https:\/\/shop.sixetdeux.com\/en\/wp-json\/wp\/v2\/product_tag?post=9030"}],"curies":[{"name":"wp","href":"https:\/\/api.w.org\/{rel}","templated":true}]}}