{"id":9549,"date":"2024-06-03T11:41:39","date_gmt":"2024-06-03T15:41:39","guid":{"rendered":"https:\/\/shop.sixetdeux.com\/product\/cuve-bar-blanc-opaque-26x18x15poh\/"},"modified":"2026-02-27T12:08:22","modified_gmt":"2026-02-27T17:08:22","slug":"cuve-bar-blanc-opaque-26x18x15poh","status":"publish","type":"product","link":"https:\/\/shop.sixetdeux.com\/en\/produit\/cuve-bar-blanc-opaque-26x18x15poh\/","title":{"rendered":"CUVE BAR BLANC OPAQUE 26X18X15poH"},"content":{"rendered":"<p>CUVE BAR BLANC OPAQUE 26X18X15poH<br \/>Pour mettre sous le bar, mettre au froid le vin et tout autres boissons et ou ranger les fruits et l\u00e9gumes en vrac dans les cuisines commerciales.<br \/>Gain d\u2019espace. \u00c0 empiler lorsqu\u2019elles sont pleines et \u00e0 embo\u00eeter lorsqu\u2019elles sont vides.<br \/>Le poly\u00e9thyl\u00e8ne durable r\u00e9siste aux chocs et aux cassures.<br \/>Plage de temp\u00e9rature de -28\u00ba \u00e0 65 \u00baC (-20\u00ba \u00e0 150 \u00baF).<br \/>Conforme aux normes de la FDA, du USDA et des HACCP. Certifi\u00e9 NSF.<\/p>\n","protected":false},"excerpt":{"rendered":"<p>CUVE BAR BLANC OPAQUE 26X18X15poH<\/p>\n","protected":false},"featured_media":9560,"comment_status":"open","ping_status":"closed","template":"","meta":[],"product_cat":[4972],"product_tag":[53,49],"class_list":["post-9549","product","type-product","status-publish","has-post-thumbnail","hentry","product_cat-materiel-traiteur","product_tag-consommables","product_tag-trial"],"_links":{"self":[{"href":"https:\/\/shop.sixetdeux.com\/en\/wp-json\/wp\/v2\/product\/9549","targetHints":{"allow":["GET"]}}],"collection":[{"href":"https:\/\/shop.sixetdeux.com\/en\/wp-json\/wp\/v2\/product"}],"about":[{"href":"https:\/\/shop.sixetdeux.com\/en\/wp-json\/wp\/v2\/types\/product"}],"replies":[{"embeddable":true,"href":"https:\/\/shop.sixetdeux.com\/en\/wp-json\/wp\/v2\/comments?post=9549"}],"version-history":[{"count":0,"href":"https:\/\/shop.sixetdeux.com\/en\/wp-json\/wp\/v2\/product\/9549\/revisions"}],"wp:featuredmedia":[{"embeddable":true,"href":"https:\/\/shop.sixetdeux.com\/en\/wp-json\/wp\/v2\/media\/9560"}],"wp:attachment":[{"href":"https:\/\/shop.sixetdeux.com\/en\/wp-json\/wp\/v2\/media?parent=9549"}],"wp:term":[{"taxonomy":"product_cat","embeddable":true,"href":"https:\/\/shop.sixetdeux.com\/en\/wp-json\/wp\/v2\/product_cat?post=9549"},{"taxonomy":"product_tag","embeddable":true,"href":"https:\/\/shop.sixetdeux.com\/en\/wp-json\/wp\/v2\/product_tag?post=9549"}],"curies":[{"name":"wp","href":"https:\/\/api.w.org\/{rel}","templated":true}]}}