{"id":9591,"date":"2024-06-14T12:21:46","date_gmt":"2024-06-14T16:21:46","guid":{"rendered":"https:\/\/shop.sixetdeux.com\/product\/hologramme-system-62-holoscrim-argente-18pi-6po-x-30pi-6po-3d-projection-screen\/"},"modified":"2026-02-27T12:08:23","modified_gmt":"2026-02-27T17:08:23","slug":"hc18x30-hologramme-system-62-hc_sylver-18pi-6po-h-x-30pi-6po-l-3d-projection-screen","status":"publish","type":"product","link":"https:\/\/shop.sixetdeux.com\/en\/produit\/hc18x30-hologramme-system-62-hc_sylver-18pi-6po-h-x-30pi-6po-l-3d-projection-screen\/","title":{"rendered":"HC18X30 HOLOGRAMME SYSTEM 6&#038;2 &#8211; HC_SYLVER 18pi 6po H x 30pi 6po L &#8211; 3D Projection screen"},"content":{"rendered":"<p><a href=\"https:\/\/hologram.sixetdeux.com\/produits-hologramme\/les-systemes-hs6-hs10-hs15-hs30\/\" target=\"_blank\" rel=\"noopener\"><strong>HC18x30<\/strong><\/a> HC18X30 HOLOGRAMME SYSTEM 6&amp;2 &#8211; HC_SYLVER 18pi 6po H x 30pi 6po L &#8211; 3D Projection screen<br \/>Sans Cadre, parfait pour la sc\u00e8ne.<br \/>Id\u00e9ale pour une installation holographique temporaire<br \/>Installation rapide par l&#8217;\u00e9quipe de six et deux<br \/>*sans projection vid\u00e9o * sans syst\u00e8me d&#8217;accrochage<br \/>Gr\u00e2ce \u00e0 leur tissage en nid d\u2019abeilles (HC_Honeycomb), les tulles sont transparents et absorbent un peu moins de lumi\u00e8re de projection, ce qui permet un meilleur contact visuel entre le spectateur et le d\u00e9cor situ\u00e9 derri\u00e8re. <br \/>Cependant, il faut noter que les tulles en nid d&#8217;abeilles (HC_Honeycomb) sont tr\u00e8s instables et ont tendance \u00e0 r\u00e9tr\u00e9cir. <br \/>Pour les cadres de sc\u00e8nes, les c\u00f4t\u00e9s sont habituellement maintenus par des c\u00e2bles, cadre, pont ; \u00e0 l\u2019arri\u00e8re de la sc\u00e8ne, les c\u00f4t\u00e9s sont souvent cach\u00e9s par des rideaux lat\u00e9raux.<\/p>\n","protected":false},"excerpt":{"rendered":"<p>HC18X30 HOLOGRAMME SYSTEM 6&amp;2 &#8211; HC_SYLVER 18pi 6po H x 30pi 6po L &#8211; 3D Projection screen<\/p>\n","protected":false},"featured_media":9615,"comment_status":"open","ping_status":"closed","template":"","meta":[],"product_cat":[175],"product_tag":[49],"class_list":["post-9591","product","type-product","status-publish","has-post-thumbnail","hentry","product_cat-surface-de-projection","product_tag-trial"],"_links":{"self":[{"href":"https:\/\/shop.sixetdeux.com\/en\/wp-json\/wp\/v2\/product\/9591","targetHints":{"allow":["GET"]}}],"collection":[{"href":"https:\/\/shop.sixetdeux.com\/en\/wp-json\/wp\/v2\/product"}],"about":[{"href":"https:\/\/shop.sixetdeux.com\/en\/wp-json\/wp\/v2\/types\/product"}],"replies":[{"embeddable":true,"href":"https:\/\/shop.sixetdeux.com\/en\/wp-json\/wp\/v2\/comments?post=9591"}],"version-history":[{"count":8,"href":"https:\/\/shop.sixetdeux.com\/en\/wp-json\/wp\/v2\/product\/9591\/revisions"}],"predecessor-version":[{"id":9850,"href":"https:\/\/shop.sixetdeux.com\/en\/wp-json\/wp\/v2\/product\/9591\/revisions\/9850"}],"wp:featuredmedia":[{"embeddable":true,"href":"https:\/\/shop.sixetdeux.com\/en\/wp-json\/wp\/v2\/media\/9615"}],"wp:attachment":[{"href":"https:\/\/shop.sixetdeux.com\/en\/wp-json\/wp\/v2\/media?parent=9591"}],"wp:term":[{"taxonomy":"product_cat","embeddable":true,"href":"https:\/\/shop.sixetdeux.com\/en\/wp-json\/wp\/v2\/product_cat?post=9591"},{"taxonomy":"product_tag","embeddable":true,"href":"https:\/\/shop.sixetdeux.com\/en\/wp-json\/wp\/v2\/product_tag?post=9591"}],"curies":[{"name":"wp","href":"https:\/\/api.w.org\/{rel}","templated":true}]}}